{"id":189,"date":"2024-10-23T17:45:40","date_gmt":"2024-10-23T15:45:40","guid":{"rendered":"https:\/\/waldkraut.eu\/index.php\/versandarten\/"},"modified":"2024-10-29T10:24:18","modified_gmt":"2024-10-29T09:24:18","slug":"versandarten","status":"publish","type":"page","link":"https:\/\/waldkraut.eu\/index.php\/versandarten\/","title":{"rendered":"Versandarten"},"content":{"rendered":"<p>Wir versenden in der Regel mit Hermes. Der Versand erfolgt versichert und mit Sendungsnummer. <br><br>Versand nach Deutschland: 4,50\u20ac, kostenlos ab 60\u20ac<\/p><p>Versand nach \u00d6sterreich mit DHL: 14,50\u20ac, Kostenlos ab 90\u20ac <br><br>Wir versuchen beim Versand so nachhaltig wie m\u00f6glich zu verpacken. Das k\u00f6nnte f\u00fcr euch hei\u00dfen: Das Verpackungsmaterial wird eventuell weiterverwendet. <\/p><p><\/p>","protected":false},"excerpt":{"rendered":"<p>Wir versenden in der Regel mit Hermes. Der Versand erfolgt versichert und mit Sendungsnummer. Versand nach Deutschland: 4,50\u20ac, kostenlos ab 60\u20ac Versand nach \u00d6sterreich mit DHL: 14,50\u20ac, Kostenlos ab 90\u20ac Wir versuchen beim Versand so nachhaltig wie m\u00f6glich zu verpacken. Das k\u00f6nnte f\u00fcr euch hei\u00dfen: Das Verpackungsmaterial wird eventuell weiterverwendet.<\/p>\n","protected":false},"author":1,"featured_media":0,"parent":0,"menu_order":0,"comment_status":"closed","ping_status":"closed","template":"","meta":{"footnotes":""},"class_list":["post-189","page","type-page","status-publish","hentry"],"jetpack_sharing_enabled":true,"_links":{"self":[{"href":"https:\/\/waldkraut.eu\/index.php\/wp-json\/wp\/v2\/pages\/189","targetHints":{"allow":["GET"]}}],"collection":[{"href":"https:\/\/waldkraut.eu\/index.php\/wp-json\/wp\/v2\/pages"}],"about":[{"href":"https:\/\/waldkraut.eu\/index.php\/wp-json\/wp\/v2\/types\/page"}],"author":[{"embeddable":true,"href":"https:\/\/waldkraut.eu\/index.php\/wp-json\/wp\/v2\/users\/1"}],"replies":[{"embeddable":true,"href":"https:\/\/waldkraut.eu\/index.php\/wp-json\/wp\/v2\/comments?post=189"}],"version-history":[{"count":2,"href":"https:\/\/waldkraut.eu\/index.php\/wp-json\/wp\/v2\/pages\/189\/revisions"}],"predecessor-version":[{"id":236,"href":"https:\/\/waldkraut.eu\/index.php\/wp-json\/wp\/v2\/pages\/189\/revisions\/236"}],"wp:attachment":[{"href":"https:\/\/waldkraut.eu\/index.php\/wp-json\/wp\/v2\/media?parent=189"}],"curies":[{"name":"wp","href":"https:\/\/api.w.org\/{rel}","templated":true}]}}