{"id":117,"date":"2024-09-24T17:14:07","date_gmt":"2024-09-24T15:14:07","guid":{"rendered":"http:\/\/waldkraut.eu\/?post_type=product&#038;p=117"},"modified":"2025-02-25T15:38:10","modified_gmt":"2025-02-25T14:38:10","slug":"raeucherbuendel-beifuss","status":"publish","type":"product","link":"https:\/\/waldkraut.eu\/index.php\/produkt\/raeucherbuendel-beifuss\/","title":{"rendered":"R\u00e4ucherb\u00fcndel Beifu\u00df"},"content":{"rendered":"<p>Ein R\u00e4ucherb\u00fcndel nur mit im Wald selbst gesammeltem Beifu\u00df aus Waldhessen.<\/p>\n<p>&nbsp;<\/p>\n<p>&nbsp;<\/p>\n<p>Mind. 25 cm<\/p>\n","protected":false},"excerpt":{"rendered":"<p>R\u00e4ucherb\u00fcndel Beifu\u00df pur<\/p>\n","protected":false},"featured_media":206,"comment_status":"open","ping_status":"closed","template":"","meta":[],"product_cat":[20],"product_tag":[],"class_list":{"0":"post-117","1":"product","2":"type-product","3":"status-publish","4":"has-post-thumbnail","6":"product_cat-raeuchern","8":"first","9":"outofstock","10":"shipping-taxable","11":"purchasable","12":"product-type-simple"},"jetpack_sharing_enabled":true,"_links":{"self":[{"href":"https:\/\/waldkraut.eu\/index.php\/wp-json\/wp\/v2\/product\/117","targetHints":{"allow":["GET"]}}],"collection":[{"href":"https:\/\/waldkraut.eu\/index.php\/wp-json\/wp\/v2\/product"}],"about":[{"href":"https:\/\/waldkraut.eu\/index.php\/wp-json\/wp\/v2\/types\/product"}],"replies":[{"embeddable":true,"href":"https:\/\/waldkraut.eu\/index.php\/wp-json\/wp\/v2\/comments?post=117"}],"wp:featuredmedia":[{"embeddable":true,"href":"https:\/\/waldkraut.eu\/index.php\/wp-json\/wp\/v2\/media\/206"}],"wp:attachment":[{"href":"https:\/\/waldkraut.eu\/index.php\/wp-json\/wp\/v2\/media?parent=117"}],"wp:term":[{"taxonomy":"product_cat","embeddable":true,"href":"https:\/\/waldkraut.eu\/index.php\/wp-json\/wp\/v2\/product_cat?post=117"},{"taxonomy":"product_tag","embeddable":true,"href":"https:\/\/waldkraut.eu\/index.php\/wp-json\/wp\/v2\/product_tag?post=117"}],"curies":[{"name":"wp","href":"https:\/\/api.w.org\/{rel}","templated":true}]}}